{"id":36,"date":"2021-03-26T11:02:26","date_gmt":"2021-03-26T08:02:26","guid":{"rendered":"https:\/\/unimoda.net\/site\/?page_id=36"},"modified":"2021-03-26T11:57:10","modified_gmt":"2021-03-26T08:57:10","slug":"surdurebilirlilik","status":"publish","type":"page","link":"https:\/\/unimoda.net\/site\/surdurebilirlilik\/","title":{"rendered":"S\u00fcrd\u00fcrebilirlilik"},"content":{"rendered":"<p><center><\/center><a href=\"#sedex\"><img loading=\"lazy\" decoding=\"async\" src=\"https:\/\/www.deteksmoda.com.tr\/site\/img\/logolar\/sedex.png\" alt=\"Sedex\" width=\"80\" height=\"80\" \/><\/a>\u00a0<a href=\"#bsci\"><img loading=\"lazy\" decoding=\"async\" src=\"https:\/\/www.deteksmoda.com.tr\/site\/img\/logolar\/bsci.png\" alt=\"BSCI\" width=\"80\" height=\"80\" \/>\u00a0<\/a><a href=\"#ics\"><img loading=\"lazy\" decoding=\"async\" src=\"https:\/\/www.deteksmoda.com.tr\/site\/img\/logolar\/ics.png\" alt=\"ICS\" width=\"80\" height=\"80\" \/><\/a>\u00a0<a href=\"#fair\"><img loading=\"lazy\" decoding=\"async\" src=\"https:\/\/www.deteksmoda.com.tr\/site\/img\/logolar\/fair-wear.png\" alt=\"Fair Wear\" width=\"75\" height=\"75\" \/><\/a>\u00a0<a href=\"#organic\"><img loading=\"lazy\" decoding=\"async\" src=\"https:\/\/www.deteksmoda.com.tr\/site\/img\/logolar\/organic.png\" alt=\"Organic\" width=\"80\" height=\"80\" \/><\/a>\u00a0<a href=\"#bci\"><img loading=\"lazy\" decoding=\"async\" src=\"https:\/\/www.deteksmoda.com.tr\/site\/img\/logolar\/bci.png\" alt=\"BCI\" width=\"80\" height=\"80\" \/><\/a>\u00a0<a href=\"#iso9001\"><img loading=\"lazy\" decoding=\"async\" src=\"https:\/\/www.deteksmoda.com.tr\/site\/img\/logolar\/iso-9001.png\" alt=\"ISO 9001\" width=\"80\" height=\"80\" \/>\u00a0<\/a><a href=\"#iso27001\"><img loading=\"lazy\" decoding=\"async\" src=\"https:\/\/www.deteksmoda.com.tr\/site\/img\/logolar\/iso-27001.png\" alt=\"ISO 27001\" width=\"80\" height=\"80\" \/><\/a>\u00a0<a href=\"#iso13485\"><img loading=\"lazy\" decoding=\"async\" src=\"https:\/\/www.deteksmoda.com.tr\/site\/img\/logolar\/iso-13485.png\" alt=\"ISO-13485\" width=\"82\" height=\"82\" \/><\/a>\u00a0<a href=\"#ce\"><img loading=\"lazy\" decoding=\"async\" src=\"https:\/\/www.deteksmoda.com.tr\/site\/img\/logolar\/ce.png\" alt=\"CE\" width=\"80\" height=\"80\" \/>\u00a0<\/a><a href=\"#blue\"><img loading=\"lazy\" decoding=\"async\" src=\"https:\/\/www.deteksmoda.com.tr\/site\/img\/logolar\/blue-line.png\" alt=\"Blu Line\" width=\"72\" height=\"72\" \/><\/a><\/p>\n<p>SOSYAL UYUM VE UYGUNLUK BELGELER\u0130 VE DENET\u0130MLER\u0130M\u0130Z<\/p>\n<p>\u00c7al\u0131\u015fanlar\u0131m\u0131z\u0131n \u00e7al\u0131\u015fma \u015fartlar\u0131n\u0131 iyile\u015ftirmeyi, i\u00e7inde ya\u015fad\u0131\u011f\u0131m\u0131z toplumu ve \u00e7evremizi korumay\u0131 umursuyoruz. Bu do\u011frultu da \u00fcretim tesisimizde, y\u00f6netimden \u00fcretime, ileti\u015fiminden at\u0131k y\u00f6netimine kadar t\u00fcm faaliyetler etik kurallar \u00e7er\u00e7evesinde hayata ge\u00e7irilmektedir. Firmam\u0131z BSCI, SEDEX, GOTS gibi uluslararas\u0131 ba\u011f\u0131ms\u0131z organizasyonlar taraf\u0131ndan denetlenmekte ve sertifikaland\u0131r\u0131lmaktad\u0131r.<\/p>\n<p>&nbsp;<\/p>\n<p>SEDEX (Tedarik\u00e7i Etik Data Payla\u015f\u0131m\u0131),<\/p>\n<p><img loading=\"lazy\" decoding=\"async\" class=\"alignleft\" src=\"https:\/\/www.deteksmoda.com.tr\/site\/img\/logolar\/sedex.png\" alt=\"Sedex\" width=\"100\" height=\"100\" \/><\/p>\n<p>Sedex; ( Supplier Ethical Data Exchange )tedarik zincirlerini olu\u015fturan firmalar\u0131n etik konularda s\u00fcrekli geli\u015fimini hedefleyen al\u0131c\u0131lar\u0131n olu\u015fturdu\u011fu etik i\u015f uygulamalar\u0131n\u0131n geli\u015fimini destekleyen kar amac\u0131 g\u00fctmeyen bir kurulu\u015ftur. Sedex denetimleri SMETA metodolojisi ile 3. Taraf onayl\u0131 denetim firmalar\u0131 taraf\u0131ndan habersiz olarak yap\u0131l\u0131r.<br \/>\nET\u0130 Ethical Trading Initiative \u2018i kabul eden firmalar\u0131n \u00e7o\u011fu Sedex \u2018i kabul etmektedir. D\u00fcnyan\u0131n her yerinden firmalar Sedex\u2019e \u00fcye olarak ortak veri taban\u0131n\u0131 kullanmak, \u00e7al\u0131\u015fma gruplar\u0131nda ve kararlarda rol almak, ve di\u011fer Sedex \u00fcyeleriyle ileti\u015fime ge\u00e7mek vb haklara sahip olurlar SMETA, Sedex taraf\u0131ndan olu\u015fturulan zorla \u00e7al\u0131\u015ft\u0131rma, \u00e7al\u0131\u015fma saatleri, cocuk i\u015f\u00e7ili\u011fi \u00f6nleme, \u00f6rg\u00fctlenme \u00f6zg\u00fcrl\u00fc\u011f\u00fc, i\u015f sa\u011fl\u0131\u011f\u0131 ve g\u00fcvenli\u011fi, y\u00f6netim sistemleri, ayr\u0131mc\u0131l\u0131k, \u00f6demeler ve \u00f6zl\u00fck haklar, fason i\u015f\u00e7ilik \/ tedarik zinciri, insan haklar\u0131, tedarik zinciri y\u00f6netimi konular\u0131n\u0131 kapsayan \u015firketlere verilen bir Sosyal Uyum Denetim Sertifikas\u0131d\u0131r.<\/p>\n<p><!---------------------------------------------------------------------------------------------------><br \/>\n<!---------------------------------------------------------------------------------------------------><\/p>\n<p>BSCI (Business Social Compliance Initative )<\/p>\n<p><img loading=\"lazy\" decoding=\"async\" class=\"alignleft\" src=\"https:\/\/www.deteksmoda.com.tr\/site\/img\/logolar\/bsci.png\" alt=\"BSCI\" width=\"100\" height=\"100\" \/><\/p>\n<p>Dilimizde \u201c\u0130\u015fletme Sosyal Uyumluluk \u0130nsiyatifi&#8221;&#8216; anlam\u0131na gelen Avrupa Etik kaynak kullan\u0131ml\u0131 sosyal izleme sistemidir.<br \/>\nD\u00fcnya \u00e7ap\u0131nda tedarik \u00fcretim zinciri i\u00e7erisinde yer alan kurumlar\u0131n \u00e7al\u0131\u015fma \u015fartlar\u0131n\u0131 daha iyi hale getirebilmek ve a\u00e7\u0131k i\u015f ve \u00fcretim taleplerine cevap verebilmek i\u00e7in olu\u015fturulmu\u015ftur. \u00dcretim yapan veya tedarik yap\u0131lan kurulu\u015flar\u0131n bulundu\u011fu \u00fclkelerin sosyal \u015fartlara ne kadar uydu\u011funu izler ve tedarik\u00e7ilerin sosyal performanslar\u0131n\u0131n s\u00fcrekli iyile\u015fmesini te\u015fvik eder.BSCI Dilimizde \u201c\u0130\u015fletme Sosyal Uyumluluk \u0130nsiyatifi&#8221;&#8216; anlam\u0131na gelen Avrupa Etik kaynak kullan\u0131ml\u0131 sosyal izleme sistemidir. D\u00fcnya \u00e7ap\u0131nda tedarik \u00fcretim zinciri i\u00e7erisinde yer alan kurumlar\u0131n \u00e7al\u0131\u015fma \u015fartlar\u0131n\u0131 daha iyi hale getirebilmek ve a\u00e7\u0131k i\u015f ve \u00fcretim taleplerine cevap verebilmek i\u00e7in olu\u015fturulmu\u015ftur. \u00dcretim yapan veya tedarik yap\u0131lan kurulu\u015flar\u0131n bulundu\u011fu \u00fclkelerin sosyal \u015fartlara ne kadar uydu\u011funu izler ve tedarik\u00e7ilerin sosyal performanslar\u0131n\u0131n s\u00fcrekli iyile\u015fmesini te\u015fvik eder.<br \/>\nYasal uygunluk, \u00c7al\u0131\u015fma saatleri, \u00c7ocuk i\u015f\u00e7ili\u011fin \u00f6nlenmesi, Zorla \u00e7al\u0131\u015ft\u0131rma, \u00d6rg\u00fctlenme \u00f6zg\u00fcrl\u00fc\u011f\u00fc, Ayr\u0131mc\u0131l\u0131k, \u0130\u015fyeri sa\u011fl\u0131k ve g\u00fcvenli\u011fi, Sosyal uygunluk y\u00f6netim sistemleri, \u00c7evre, Adil \u00fccretlendirme, Tedarik\u00e7i,fason ve ta\u015feronlar, \u00c7al\u0131\u015fan hak ve sorumluluklar\u0131 kapsayan \u015firketlere verilen bir Sosyal Uyum Denetim Sertifikas\u0131d\u0131r.<\/p>\n<p><!---------------------------------------------------------------------------------------------------><\/p>\n<p><!---------------------------------------------------------------------------------------------------><\/p>\n<p>&nbsp;<\/p>\n<p>ICS (Initiative Clause Sociale)<\/p>\n<p><img loading=\"lazy\" decoding=\"async\" class=\"alignleft\" src=\"https:\/\/www.deteksmoda.com.tr\/site\/img\/logolar\/ics.png\" alt=\"BSCI\" width=\"100\" height=\"100\" \/><\/p>\n<p>Dilimizde sosyal sorumlulukta ilk ad\u0131m anlam\u0131nda gelmektedir. 1998 y\u0131l\u0131ndan g\u00fcn\u00fcm\u00fcze kadar gelmi\u015f Fransa merkezli bir kurulu\u015f olup \u00fcye markalar\u0131n\u0131n \u00e7al\u0131\u015fanlar\u0131 i\u00e7in ko\u015fullar\u0131 s\u00fcrd\u00fcr\u00fclebilir bir \u015fekilde iyile\u015ftirmek ve fabrikalar\u0131n ilerleme ve sosyal uygunlu\u011funu uygulamay\u0131 g\u00f6rev edinmi\u015f bir kurulu\u015ftur.<br \/>\n\u00dclke i\u015f kanunlar\u0131, \u0130SG y\u00f6netmelikleri,\u00c7evre Y\u00f6netmelikleri,\u00dclke anayasas\u0131,ILO ilkeleri gibi konular\u0131n\u0131 kapsayan i\u015fyerlerine verilen Sosyal Uyum Denetim Sertifikas\u0131d\u0131r.<\/p>\n<p>&nbsp;<\/p>\n<p>&nbsp;<\/p>\n<p>Fair Wear Foundation (Adil Giyim Vakf\u0131 -FWF)<\/p>\n<p><img loading=\"lazy\" decoding=\"async\" class=\"alignleft\" src=\"https:\/\/www.deteksmoda.com.tr\/site\/img\/logolar\/fair-wear.png\" alt=\"Fair Wear\" width=\"75\" height=\"75\" \/><\/p>\n<p>Haz\u0131r giyim end\u00fcstrisinde insanca \u00e7al\u0131\u015fma ko\u015fullar\u0131n\u0131 te\u015fvik etmeyi hedeflemektedir. Hollanda Avrupa pazar\u0131na giden giysiler genellikle d\u00fc\u015f\u00fck-\u00fccretli \u00fclkelerde \u00fcretilmektedir. \u00c7o\u011fu zaman bu ucuz giysiler, kabul edilemez \u00e7al\u0131\u015fma ko\u015fullar\u0131 alt\u0131nda \u00fcretilmektedir. FWF, Haz\u0131r Giyim End\u00fcstrisi i\u00e7in i\u015f Uygulamalar\u0131 Davran\u0131\u015f Kurallar\u0131 ile \u00e7al\u0131\u015fmaktad\u0131r. \u00dcye \u015firketler bu davran\u0131\u015f kurallar\u0131n\u0131 kabul etmektedir. B\u00f6ylece kendi fabrikalar\u0131ndaki \u00e7al\u0131\u015fma ko\u015fullar\u0131n\u0131, davran\u0131\u015f kurallar\u0131n\u0131n h\u00fck\u00fcmleri bak\u0131m\u0131ndan denetlemeyi ve gereken yerlerde iyile\u015ftirmeler yapmay\u0131 kabul etmi\u015f olmaktad\u0131rlar.<\/p>\n<p>&nbsp;<\/p>\n<p>GOTS (Global Organik Tekstil Standard\u0131 )<\/p>\n<p><img loading=\"lazy\" decoding=\"async\" class=\"alignleft\" src=\"https:\/\/www.deteksmoda.com.tr\/site\/img\/logolar\/organic.png\" alt=\"Organic\" width=\"100\" height=\"100\" \/><\/p>\n<p>Global Organic Textile Standart Uluslararas\u0131 \u00e7al\u0131\u015fma grubu, tan\u0131nan d\u00f6rt \u00fcye organizasyondan olu\u015fturulmu\u015ftur.<br \/>\nGlobal Organik Tekstil Standard\u0131 t\u00fcketicide yeterli g\u00fcveni sa\u011flayabilmek i\u00e7in, ham maddenin hasad\u0131ndan ba\u015flayarak, \u00e7evre ve sosyal sorumlulu\u011fu olan \u00fcretimden etiketlemeye kadar olan s\u00fcre\u00e7te, tekstil \u00fcr\u00fcnlerinin organik stat\u00fcs\u00fcn\u00fcn garanti alt\u0131na al\u0131nabilmesi amac\u0131yla, d\u00fcnya-\u00e7ap\u0131nda tan\u0131nabilir gereklilikleri belirlemek i\u00e7in olu\u015fturulmu\u015ftur.<\/p>\n<p>&nbsp;<\/p>\n<p>BCI (Better Cotton Initiative)<\/p>\n<p><img loading=\"lazy\" decoding=\"async\" class=\"alignleft\" src=\"https:\/\/www.deteksmoda.com.tr\/site\/img\/logolar\/bci.png\" alt=\"Fair Wear\" width=\"100\" height=\"100\" \/><\/p>\n<p>Better Cotton Initiative, (dilimizde iyi pamuk giri\u015fimi anlam\u0131na gelmektedir.) Pamuk tar\u0131m\u0131 ve 21 \u00fclkede uygulamalarda daha iyi standartlar\u0131 destekleyen, k\u00e2r amac\u0131 g\u00fctmeyen, \u00e7ok payda\u015fl\u0131 bir y\u00f6netim grubudur.<br \/>\n\u2018\u2019Better Cotton\u2019\u2019 \u00e7evre \u00fczerindeki baskinin azaltilmasi ve \u00e7ift\u00e7ilerin ge\u00e7im ve refah seviyelerinin iyilestirilmesini hedefleyerek yetistirilen pamuktur ve daha s\u00fcrd\u00fcr\u00fclebilir pamuk \u00fcretimi i\u00e7in d\u00fcnyaca tan\u0131nan bir standart olup bu standarta uyum sa\u011flayan i\u015f yerlerine verilen bir sertifikad\u0131r.<\/p>\n<p>&nbsp;<\/p>\n<p>&nbsp;<\/p>\n<p>KAL\u0130TE Y\u00d6NET\u0130M S\u0130STEM\u0130 VE SERT\u0130F\u0130KALARIMIZ<br \/>\nKalite y\u00f6netim sistemimiz; \u00f6ncelikle m\u00fc\u015fterilerimiz taraf\u0131ndan tan\u0131mlanan kaliteyi hedefleyerek; kaliteyi y\u00f6netimin kalite ve verimlili\u011fiyle paralel olarak s\u00fcrekli geli\u015ftirmeyi ama\u00e7lamaktad\u0131r.<br \/>\nBa\u015fl\u0131ca hedeflerimiz;<br \/>\n\u2022 S\u00fcrd\u00fcr\u00fclebilir kalite<br \/>\n\u2022 Paralelinde uygun maliyet<br \/>\n\u2022 Zaman\u0131nda sunum<\/p>\n<p>&nbsp;<\/p>\n<p>ISO 9001 Kalite Belgesi<\/p>\n<p><img loading=\"lazy\" decoding=\"async\" class=\"alignleft\" src=\"https:\/\/www.deteksmoda.com.tr\/site\/img\/logolar\/iso-9001.png\" alt=\"ISO 9001\" width=\"100\" height=\"100\" \/><\/p>\n<p>Kalite y\u00f6netim sistemlerinin temelini olu\u015fturur. ISO 9001 standart \u015fartlar\u0131n\u0131 sa\u011flayan kurulu\u015flara verilen bir belgedir. ISO; (International Organization for Standardization dilimizde Uluslararas\u0131 Standartlar Kurulu\u015fu) bu standart\u0131 geli\u015ftiren kurulu\u015fun ad\u0131n\u0131n ba\u015f harflerinden olu\u015fmu\u015ftur. Bu kurulu\u015f uluslararas\u0131 standartlar olu\u015fturmak yoluyla uluslararas\u0131 ticareti ve ticaret hacmini artt\u0131rmak amac\u0131yla bir \u00e7ok standartlar kurulu\u015funun ( TSE dahil) \u00fcyeli\u011fiyle faaliyetlerini y\u00fcr\u00fctmektedir.<br \/>\nStandard\u0131n temel oda\u011f\u0131 m\u00fc\u015fteridir. M\u00fc\u015fteri memnuniyetine uygun \u00e7al\u0131\u015f\u0131lmas\u0131n\u0131 hedefler, ona y\u00f6nlendirir.Bu standart\u0131n temel amac\u0131 i\u015fletmelerde disiplinli bir yap\u0131 kurarak tecr\u00fcbe edilmeden, deneme-yan\u0131lma methodlar\u0131 uygulamadan kurumsal bir y\u00f6netim yap\u0131s\u0131na kavu\u015fmakt\u0131r.<\/p>\n<p>ISO 27001 Kalite Belgesi<br \/>\n<img loading=\"lazy\" decoding=\"async\" class=\"alignleft\" src=\"https:\/\/www.deteksmoda.com.tr\/site\/img\/logolar\/iso-27001.png\" alt=\"ISO 27001\" width=\"100\" height=\"100\" \/><\/p>\n<p>ISO 27001 Bilgi G\u00fcvenli\u011fi Y\u00f6netim Sistemi standart \u015fartlar\u0131n\u0131 ta\u015f\u0131yan firmalara verilen bir belgedir.\u0130\u015fletmelerin geli\u015fen teknolojilerle beraber her ge\u00e7en g\u00fcn daha fazla i\u015f y\u00fckledi\u011fi bilgi alt yap\u0131lar\u0131n\u0131n g\u00fcvenli\u011fini sa\u011flamaya d\u00f6n\u00fck olu\u015fturulmu\u015ftur. ISO 27001 Bilgi G\u00fcvenli\u011fi Y\u00f6netim Sistemi sayesinde kurumlar bilgi altyap\u0131lar\u0131n\u0131 belirleyip, bu varl\u0131klara y\u00f6nelik olas\u0131 tehlikeleri analizi ederek, bu risklerin olu\u015fmas\u0131 durumunda hangi kontrolleri uygulayacaklar\u0131na ve hangi kontrolleri uygulamayacaklar\u0131na karar verirler. Bu sistem \u00e7al\u0131\u015fanlar\u0131, i\u015f s\u00fcre\u00e7lerini ve bilgi teknolojileri (BT) sistemlerini kapsar.<br \/>\nBilgi g\u00fcvenli\u011finin sa\u011flanabilmesi bilginin gizlili\u011finin, b\u00fct\u00fcnl\u00fc\u011f\u00fcn\u00fcn ve kullan\u0131labilirli\u011finin yeterli d\u00fczeylerde sa\u011flanabilmesi ile m\u00fcmk\u00fcnd\u00fcr<\/p>\n<p>&nbsp;<\/p>\n<p><!---------------------------------------------------------------------------------------------------><\/p>\n<p>ISO 13485 Kalite Belgesi<\/p>\n<p><img loading=\"lazy\" decoding=\"async\" class=\"alignleft\" src=\"https:\/\/www.deteksmoda.com.tr\/site\/img\/logolar\/iso-13485.png\" alt=\"ISO 13485\" width=\"100\" height=\"100\" \/><\/p>\n<p>ISO kurumu taraf\u0131ndan yay\u0131nlanan, mevzuat ama\u00e7lar\u0131 bak\u0131m\u0131ndan \u015fartlar ba\u015fl\u0131\u011f\u0131na sahip medikal cihaz \u00fcreticilerine uygulanabilen kalite y\u00f6netim standard\u0131d\u0131r. Bu sertifika el de\u011fmeden t\u0131bb\u0131 malzeme \u00fcretebilen i\u015fletmelere verilen bir sertifikad\u0131r. ISO 9001:2008 standard\u0131na ek olarak bir tak\u0131m gereklilikler getiren standart, d\u00fcnyada bir\u00e7ok \u00fclkede kabul edilip uygulanmaktad\u0131r. Bu standartlara sahip i\u015fyerlerine verilmi\u015f bir kalite belgesidir.<\/p>\n<p>&nbsp;<\/p>\n<p>CE<\/p>\n<p><img loading=\"lazy\" decoding=\"async\" class=\"alignleft\" src=\"https:\/\/www.deteksmoda.com.tr\/site\/img\/logolar\/ce.png\" alt=\"Fair Wear\" width=\"100\" height=\"100\" \/><\/p>\n<p>Avrupa Birli\u011finin (AB), teknik mevzuat uyumu \u00e7er\u00e7evesinde mallar\u0131n serbest dola\u015f\u0131m\u0131n\u0131n tam anlam\u0131yla sa\u011flanmas\u0131 amac\u0131yla \u00fcr\u00fcnlerin teknik yap\u0131lar\u0131na ili\u015fkin mevzuat\u0131 daha basit ve genel hale getirmek i\u00e7in 1985 y\u0131l\u0131nda benimsedi\u011fi Yeni Yakla\u015f\u0131m Politikas\u0131 kapsam\u0131nda haz\u0131rlanan Yeni Yakla\u015f\u0131m Direktifleri kapsam\u0131na giren \u00fcr\u00fcnlerin bu direktiflere uygun oldu\u011funu ve gerekli b\u00fct\u00fcn uygunluk de\u011ferlendirme faaliyetlerinden ge\u00e7ti\u011fini sa\u011fl\u0131k, g\u00fcvenlik ve t\u00fcketicinin ve \u00e7evrenin korunmas\u0131 gerekliliklerine uygunlu\u011funu g\u00f6steren ve Conformit\u00e9 Europ\u00e9enne kelimelerinin ba\u015f harflerinden olu\u015fan bir Birlik i\u015faretidir.<\/p>\n<p>Blue Line<\/p>\n<p><img loading=\"lazy\" decoding=\"async\" class=\"alignleft\" src=\"https:\/\/www.deteksmoda.com.tr\/site\/img\/logolar\/blue-line.png\" alt=\"Fair Wear\" width=\"100\" height=\"100\" \/><\/p>\n<p>G\u00fcmr\u00fck i\u015flemlerinde g\u00fcvenilirli\u011fini kan\u0131tlam\u0131\u015f, belirli bir d\u0131\u015f ticaret hacmine veya sabit sermaye yat\u0131r\u0131m\u0131na sahip, mali yeterlili\u011fi tasdik edilmi\u015f, kay\u0131tlar\u0131 izlenebilir olan ki\u015filere tan\u0131nan ve g\u00fcmr\u00fck ve d\u0131\u015f ticaret faaliyetlerinde belli kolayl\u0131klar\u0131n tan\u0131nmas\u0131na olanak veren \u00f6zel bir belge ve hakt\u0131r. Bu belgeye sahip i\u015fletmeler ihra\u00e7 edece\u011fi \u00fcr\u00fcnlerini herhangi bir g\u00fcvenlik a\u015famas\u0131na tak\u0131lmadan direk ihra\u00e7 edebilme g\u00fcc\u00fcne sahiptirler.<\/p>\n","protected":false},"excerpt":{"rendered":"<p>\u00a0\u00a0\u00a0\u00a0\u00a0\u00a0\u00a0\u00a0\u00a0\u00a0 SOSYAL UYUM VE UYGUNLUK BELGELER\u0130 VE DENET\u0130MLER\u0130M\u0130Z \u00c7al\u0131\u015fanlar\u0131m\u0131z\u0131n \u00e7al\u0131\u015fma \u015fartlar\u0131n\u0131 iyile\u015ftirmeyi, i\u00e7inde ya\u015fad\u0131\u011f\u0131m\u0131z toplumu ve \u00e7evremizi korumay\u0131 umursuyoruz. Bu do\u011frultu da \u00fcretim tesisimizde, y\u00f6netimden \u00fcretime, ileti\u015fiminden at\u0131k y\u00f6netimine kadar t\u00fcm faaliyetler etik kurallar \u00e7er\u00e7evesinde hayata ge\u00e7irilmektedir. Firmam\u0131z BSCI, SEDEX, GOTS gibi uluslararas\u0131 ba\u011f\u0131ms\u0131z organizasyonlar taraf\u0131ndan denetlenmekte ve sertifikaland\u0131r\u0131lmaktad\u0131r. &nbsp; SEDEX (Tedarik\u00e7i Etik Data Payla\u015f\u0131m\u0131), Sedex; ( Supplier Ethical Data Exchange )tedarik zincirlerini olu\u015fturan firmalar\u0131n etik konularda s\u00fcrekli geli\u015fimini hedefleyen al\u0131c\u0131lar\u0131n olu\u015fturdu\u011fu etik i\u015f uygulamalar\u0131n\u0131n geli\u015fimini destekleyen kar amac\u0131 g\u00fctmeyen bir kurulu\u015ftur. Sedex denetimleri SMETA metodolojisi ile 3. Taraf onayl\u0131 denetim firmalar\u0131 taraf\u0131ndan habersiz olarak yap\u0131l\u0131r. ET\u0130 Ethical Trading Initiative \u2018i kabul eden firmalar\u0131n \u00e7o\u011fu Sedex \u2018i kabul etmektedir. D\u00fcnyan\u0131n her yerinden firmalar Sedex\u2019e \u00fcye olarak ortak veri taban\u0131n\u0131 kullanmak, \u00e7al\u0131\u015fma gruplar\u0131nda ve kararlarda rol almak, ve di\u011fer Sedex \u00fcyeleriyle ileti\u015fime ge\u00e7mek vb haklara sahip olurlar SMETA, Sedex taraf\u0131ndan olu\u015fturulan zorla \u00e7al\u0131\u015ft\u0131rma, \u00e7al\u0131\u015fma saatleri, cocuk i\u015f\u00e7ili\u011fi \u00f6nleme, \u00f6rg\u00fctlenme \u00f6zg\u00fcrl\u00fc\u011f\u00fc, i\u015f&hellip;<\/p>\n<p> <a class=\"more-link\" href=\"https:\/\/unimoda.net\/site\/surdurebilirlilik\/\">Daha fazla oku<\/a><\/p>\n","protected":false},"author":1,"featured_media":0,"parent":0,"menu_order":0,"comment_status":"closed","ping_status":"closed","template":"","meta":{"footnotes":""},"class_list":["post-36","page","type-page","status-publish"],"_links":{"self":[{"href":"https:\/\/unimoda.net\/site\/wp-json\/wp\/v2\/pages\/36","targetHints":{"allow":["GET"]}}],"collection":[{"href":"https:\/\/unimoda.net\/site\/wp-json\/wp\/v2\/pages"}],"about":[{"href":"https:\/\/unimoda.net\/site\/wp-json\/wp\/v2\/types\/page"}],"author":[{"embeddable":true,"href":"https:\/\/unimoda.net\/site\/wp-json\/wp\/v2\/users\/1"}],"replies":[{"embeddable":true,"href":"https:\/\/unimoda.net\/site\/wp-json\/wp\/v2\/comments?post=36"}],"version-history":[{"count":4,"href":"https:\/\/unimoda.net\/site\/wp-json\/wp\/v2\/pages\/36\/revisions"}],"predecessor-version":[{"id":65,"href":"https:\/\/unimoda.net\/site\/wp-json\/wp\/v2\/pages\/36\/revisions\/65"}],"wp:attachment":[{"href":"https:\/\/unimoda.net\/site\/wp-json\/wp\/v2\/media?parent=36"}],"curies":[{"name":"wp","href":"https:\/\/api.w.org\/{rel}","templated":true}]}}